{"id":144,"date":"2022-09-14T15:32:16","date_gmt":"2022-09-14T12:32:16","guid":{"rendered":"https:\/\/pellinki365.fi\/esimerkkisivu\/"},"modified":"2022-09-29T14:20:58","modified_gmt":"2022-09-29T11:20:58","slug":"esimerkkisivu","status":"publish","type":"page","link":"https:\/\/pellinki365.fi\/sv\/","title":{"rendered":"Hem"},"content":{"rendered":"<p>Svenskspr\u00e5kiga sidan \u00f6ppnas snart.<\/p>\n<p style=\"font-size:18px\">Ni kan bekanta er med Pellinge ocks\u00e5 h\u00e4r:\u00a0<a href=\"https:\/\/visitpellinge.fi\/\" target=\"_blank\" rel=\"noopener\">visitpellinge.fi<\/a><\/p>\n","protected":false},"excerpt":{"rendered":"<p>Svenskspr\u00e5kiga sidan \u00f6ppnas snart. Ni kan bekanta er med Pellinge ocks\u00e5 h\u00e4r:\u00a0visitpellinge.fi<\/p>\n","protected":false},"author":1,"featured_media":134,"parent":0,"menu_order":0,"comment_status":"closed","ping_status":"open","template":"","meta":{"_acf_changed":false,"footnotes":""},"class_list":["post-144","page","type-page","status-publish","has-post-thumbnail","hentry"],"acf":[],"yoast_head":"<!-- This site is optimized with the Yoast SEO plugin v27.2 - https:\/\/yoast.com\/product\/yoast-seo-wordpress\/ -->\n<title>Pellinge 365<\/title>\n<meta name=\"robots\" content=\"index, follow, max-snippet:-1, max-image-preview:large, max-video-preview:-1\" \/>\n<link rel=\"canonical\" href=\"https:\/\/pellinki365.fi\/sv\/\" \/>\n<meta property=\"og:locale\" content=\"sv_SE\" \/>\n<meta property=\"og:type\" content=\"article\" \/>\n<meta property=\"og:title\" content=\"Pellinge 365\" \/>\n<meta property=\"og:description\" content=\"Svenskspr\u00e5kiga sidan \u00f6ppnas snart. Ni kan bekanta er med Pellinge ocks\u00e5 h\u00e4r:\u00a0visitpellinge.fi\" \/>\n<meta property=\"og:url\" content=\"https:\/\/pellinki365.fi\/sv\/\" \/>\n<meta property=\"og:site_name\" content=\"Pellinge 365\" \/>\n<meta property=\"article:modified_time\" content=\"2022-09-29T11:20:58+00:00\" \/>\n<meta property=\"og:image\" content=\"https:\/\/pellinki365.fi\/wp-content\/uploads\/2022\/09\/pellinki365-hero-1.jpg\" \/>\n\t<meta property=\"og:image:width\" content=\"1920\" \/>\n\t<meta property=\"og:image:height\" content=\"1080\" \/>\n\t<meta property=\"og:image:type\" content=\"image\/jpeg\" \/>\n<meta name=\"twitter:card\" content=\"summary_large_image\" \/>\n<meta name=\"twitter:label1\" content=\"Ber\u00e4knad l\u00e4stid\" \/>\n\t<meta name=\"twitter:data1\" content=\"1 minut\" \/>\n<script type=\"application\/ld+json\" class=\"yoast-schema-graph\">{\"@context\":\"https:\/\/schema.org\",\"@graph\":[{\"@type\":\"WebPage\",\"@id\":\"https:\/\/pellinki365.fi\/sv\/\",\"url\":\"https:\/\/pellinki365.fi\/sv\/\",\"name\":\"Pellinge 365\",\"isPartOf\":{\"@id\":\"https:\/\/pellinki365.fi\/#website\"},\"primaryImageOfPage\":{\"@id\":\"https:\/\/pellinki365.fi\/sv\/#primaryimage\"},\"image\":{\"@id\":\"https:\/\/pellinki365.fi\/sv\/#primaryimage\"},\"thumbnailUrl\":\"https:\/\/pellinki365.fi\/wp-content\/uploads\/2022\/09\/pellinki365-hero-1.jpg\",\"datePublished\":\"2022-09-14T12:32:16+00:00\",\"dateModified\":\"2022-09-29T11:20:58+00:00\",\"breadcrumb\":{\"@id\":\"https:\/\/pellinki365.fi\/sv\/#breadcrumb\"},\"inLanguage\":\"sv-SE\",\"potentialAction\":[{\"@type\":\"ReadAction\",\"target\":[\"https:\/\/pellinki365.fi\/sv\/\"]}]},{\"@type\":\"ImageObject\",\"inLanguage\":\"sv-SE\",\"@id\":\"https:\/\/pellinki365.fi\/sv\/#primaryimage\",\"url\":\"https:\/\/pellinki365.fi\/wp-content\/uploads\/2022\/09\/pellinki365-hero-1.jpg\",\"contentUrl\":\"https:\/\/pellinki365.fi\/wp-content\/uploads\/2022\/09\/pellinki365-hero-1.jpg\",\"width\":1920,\"height\":1080},{\"@type\":\"BreadcrumbList\",\"@id\":\"https:\/\/pellinki365.fi\/sv\/#breadcrumb\",\"itemListElement\":[{\"@type\":\"ListItem\",\"position\":1,\"name\":\"Home\",\"item\":\"https:\/\/pellinki365.fi\/sv\/\"},{\"@type\":\"ListItem\",\"position\":2,\"name\":\"Hem\"}]},{\"@type\":\"WebSite\",\"@id\":\"https:\/\/pellinki365.fi\/#website\",\"url\":\"https:\/\/pellinki365.fi\/\",\"name\":\"Pellinge 365\",\"description\":\"\",\"potentialAction\":[{\"@type\":\"SearchAction\",\"target\":{\"@type\":\"EntryPoint\",\"urlTemplate\":\"https:\/\/pellinki365.fi\/?s={search_term_string}\"},\"query-input\":{\"@type\":\"PropertyValueSpecification\",\"valueRequired\":true,\"valueName\":\"search_term_string\"}}],\"inLanguage\":\"sv-SE\"}]}<\/script>\n<!-- \/ Yoast SEO plugin. -->","yoast_head_json":{"title":"Pellinge 365","robots":{"index":"index","follow":"follow","max-snippet":"max-snippet:-1","max-image-preview":"max-image-preview:large","max-video-preview":"max-video-preview:-1"},"canonical":"https:\/\/pellinki365.fi\/sv\/","og_locale":"sv_SE","og_type":"article","og_title":"Pellinge 365","og_description":"Svenskspr\u00e5kiga sidan \u00f6ppnas snart. Ni kan bekanta er med Pellinge ocks\u00e5 h\u00e4r:\u00a0visitpellinge.fi","og_url":"https:\/\/pellinki365.fi\/sv\/","og_site_name":"Pellinge 365","article_modified_time":"2022-09-29T11:20:58+00:00","og_image":[{"width":1920,"height":1080,"url":"https:\/\/pellinki365.fi\/wp-content\/uploads\/2022\/09\/pellinki365-hero-1.jpg","type":"image\/jpeg"}],"twitter_card":"summary_large_image","twitter_misc":{"Ber\u00e4knad l\u00e4stid":"1 minut"},"schema":{"@context":"https:\/\/schema.org","@graph":[{"@type":"WebPage","@id":"https:\/\/pellinki365.fi\/sv\/","url":"https:\/\/pellinki365.fi\/sv\/","name":"Pellinge 365","isPartOf":{"@id":"https:\/\/pellinki365.fi\/#website"},"primaryImageOfPage":{"@id":"https:\/\/pellinki365.fi\/sv\/#primaryimage"},"image":{"@id":"https:\/\/pellinki365.fi\/sv\/#primaryimage"},"thumbnailUrl":"https:\/\/pellinki365.fi\/wp-content\/uploads\/2022\/09\/pellinki365-hero-1.jpg","datePublished":"2022-09-14T12:32:16+00:00","dateModified":"2022-09-29T11:20:58+00:00","breadcrumb":{"@id":"https:\/\/pellinki365.fi\/sv\/#breadcrumb"},"inLanguage":"sv-SE","potentialAction":[{"@type":"ReadAction","target":["https:\/\/pellinki365.fi\/sv\/"]}]},{"@type":"ImageObject","inLanguage":"sv-SE","@id":"https:\/\/pellinki365.fi\/sv\/#primaryimage","url":"https:\/\/pellinki365.fi\/wp-content\/uploads\/2022\/09\/pellinki365-hero-1.jpg","contentUrl":"https:\/\/pellinki365.fi\/wp-content\/uploads\/2022\/09\/pellinki365-hero-1.jpg","width":1920,"height":1080},{"@type":"BreadcrumbList","@id":"https:\/\/pellinki365.fi\/sv\/#breadcrumb","itemListElement":[{"@type":"ListItem","position":1,"name":"Home","item":"https:\/\/pellinki365.fi\/sv\/"},{"@type":"ListItem","position":2,"name":"Hem"}]},{"@type":"WebSite","@id":"https:\/\/pellinki365.fi\/#website","url":"https:\/\/pellinki365.fi\/","name":"Pellinge 365","description":"","potentialAction":[{"@type":"SearchAction","target":{"@type":"EntryPoint","urlTemplate":"https:\/\/pellinki365.fi\/?s={search_term_string}"},"query-input":{"@type":"PropertyValueSpecification","valueRequired":true,"valueName":"search_term_string"}}],"inLanguage":"sv-SE"}]}},"_links":{"self":[{"href":"https:\/\/pellinki365.fi\/sv\/wp-json\/wp\/v2\/pages\/144","targetHints":{"allow":["GET"]}}],"collection":[{"href":"https:\/\/pellinki365.fi\/sv\/wp-json\/wp\/v2\/pages"}],"about":[{"href":"https:\/\/pellinki365.fi\/sv\/wp-json\/wp\/v2\/types\/page"}],"author":[{"embeddable":true,"href":"https:\/\/pellinki365.fi\/sv\/wp-json\/wp\/v2\/users\/1"}],"replies":[{"embeddable":true,"href":"https:\/\/pellinki365.fi\/sv\/wp-json\/wp\/v2\/comments?post=144"}],"version-history":[{"count":4,"href":"https:\/\/pellinki365.fi\/sv\/wp-json\/wp\/v2\/pages\/144\/revisions"}],"predecessor-version":[{"id":157,"href":"https:\/\/pellinki365.fi\/sv\/wp-json\/wp\/v2\/pages\/144\/revisions\/157"}],"wp:featuredmedia":[{"embeddable":true,"href":"https:\/\/pellinki365.fi\/sv\/wp-json\/wp\/v2\/media\/134"}],"wp:attachment":[{"href":"https:\/\/pellinki365.fi\/sv\/wp-json\/wp\/v2\/media?parent=144"}],"curies":[{"name":"wp","href":"https:\/\/api.w.org\/{rel}","templated":true}]}}